{"id":980,"date":"2023-04-08T09:34:36","date_gmt":"2023-04-08T07:34:36","guid":{"rendered":"http:\/\/www.psmkk.net\/?page_id=980"},"modified":"2024-04-21T09:38:23","modified_gmt":"2024-04-21T07:38:23","slug":"vuoden-mayrakoira-2022","status":"publish","type":"page","link":"https:\/\/www.psmkk.net\/?page_id=980","title":{"rendered":"Vuoden m\u00e4yr\u00e4koirat 2022"},"content":{"rendered":"\n<p><\/p>\n\n\n\n<p>VUODEN M\u00c4YR\u00c4KOIRA<br>kku Tassuviikarin Topi, om. Taina ja Matti Turska<\/p>\n\n\n\n<p>VUODEN VETERAANI<br>lkn Wonder Yap\u00b4s Dana, om. Sanna Marjala<\/p>\n\n\n\n<p>VUODEN TULOKAS<br>pku Sagotax Mastiga Markus, om. Lea Foudilainen<\/p>\n\n\n\n<p>MEJ\u00c4-KOIRA<br>pku Sagotax Mastiga Markus, om.Lea Foudilainen<br>kku Tassuviikarin Topi, om. Taina ja Matti Turska<br>kkku Woodbrooks Joe, om. Ulla ja Markku Henriksson<\/p>\n\n\n\n<p>N\u00c4YTTELY<br>lkn Hupinan Clara, om. Sanna Marjala<br>kkku Woodbrooks Joe, om. Ulla ja Markku Henriksson<br>pkn Hupinan Snorkfr\u00f6ken, om. Sanna Marjala<\/p>\n\n\n\n<p>M\u00c4AJ-KOIRA<br>kkn Lalulu, om. Jani Haarala<\/p>\n\n\n\n<p>VERI-KOIRA<br>Tassuviikarin Topi, om. Taina ja Matti Turska<\/p>\n\n\n\n<p>LUT-KOIRA<br>Tassuviikarin Topi, om.Taina ja Matti Turska<\/p>\n\n\n\n<p>VALIO-PALKINNOT:<\/p>\n\n\n\n<p>lkn Hupinan Clara, om. Sanna Marjala FI MVA<br>pku Sagotax Mastiga Markus, om.Lea Foudilainen FI JVA<\/p>\n\n\n\n<p>kkku Woodbrooks Joe, FI MVA, FI JVA<br>om. Ulla ja Markku Henriksson<\/p>\n\n\n\n<p>kku Joenpenkan Iskev\u00e4-Ippo, VMVA<br>om. Pauliina P\u00f6nkk\u00e4 ja Kari Uotila<\/p>\n\n\n\n<p>lkn Wonder Yap\u2019s Dana, om. Sanna Marjala VMVA<\/p>\n","protected":false},"excerpt":{"rendered":"<p>VUODEN M\u00c4YR\u00c4KOIRAkku Tassuviikarin Topi, om. Taina ja Matti Turska VUODEN VETERAANIlkn Wonder Yap\u00b4s Dana, om. Sanna Marjala VUODEN TULOKASpku Sagotax Mastiga Markus, om. Lea Foudilainen MEJ\u00c4-KOIRApku Sagotax Mastiga Markus, om.Lea Foudilainenkku Tassuviikarin Topi, om. Taina ja Matti Turskakkku Woodbrooks Joe, om. Ulla ja Markku Henriksson N\u00c4YTTELYlkn Hupinan Clara, om. Sanna Marjalakkku Woodbrooks Joe, om. Ulla [&hellip;]<\/p>\n","protected":false},"author":1,"featured_media":0,"parent":155,"menu_order":2,"comment_status":"closed","ping_status":"closed","template":"","meta":{"footnotes":""},"class_list":["post-980","page","type-page","status-publish","hentry"],"_links":{"self":[{"href":"https:\/\/www.psmkk.net\/index.php?rest_route=\/wp\/v2\/pages\/980","targetHints":{"allow":["GET"]}}],"collection":[{"href":"https:\/\/www.psmkk.net\/index.php?rest_route=\/wp\/v2\/pages"}],"about":[{"href":"https:\/\/www.psmkk.net\/index.php?rest_route=\/wp\/v2\/types\/page"}],"author":[{"embeddable":true,"href":"https:\/\/www.psmkk.net\/index.php?rest_route=\/wp\/v2\/users\/1"}],"replies":[{"embeddable":true,"href":"https:\/\/www.psmkk.net\/index.php?rest_route=%2Fwp%2Fv2%2Fcomments&post=980"}],"version-history":[{"count":2,"href":"https:\/\/www.psmkk.net\/index.php?rest_route=\/wp\/v2\/pages\/980\/revisions"}],"predecessor-version":[{"id":983,"href":"https:\/\/www.psmkk.net\/index.php?rest_route=\/wp\/v2\/pages\/980\/revisions\/983"}],"up":[{"embeddable":true,"href":"https:\/\/www.psmkk.net\/index.php?rest_route=\/wp\/v2\/pages\/155"}],"wp:attachment":[{"href":"https:\/\/www.psmkk.net\/index.php?rest_route=%2Fwp%2Fv2%2Fmedia&parent=980"}],"curies":[{"name":"wp","href":"https:\/\/api.w.org\/{rel}","templated":true}]}}