{"id":945,"date":"2022-05-12T19:14:35","date_gmt":"2022-05-12T17:14:35","guid":{"rendered":"http:\/\/www.psmkk.net\/?page_id=945"},"modified":"2024-04-21T09:38:23","modified_gmt":"2024-04-21T07:38:23","slug":"vuoden-mayrakoirat-2021","status":"publish","type":"page","link":"https:\/\/www.psmkk.net\/?page_id=945","title":{"rendered":"Vuoden m\u00e4yr\u00e4koirat 2021"},"content":{"rendered":"\n<p>AJAVA KOIRA<br>kku Korpiklaanin LJ Wertti Tuulisp\u00e4\u00e4<br>om. Leena Schr\u00f6der ja Seppo Leinonen<br>kku Tassuviikarin Topi<br>om. Taina Turska<\/p>\n\n\n\n<p>J\u00c4LKIKOIRA<br>kku Tassuviikarin Topi <br>om. Taina Turska <br>kku Ruukin Geronimo <br>om. Vilma Haarala <br>Woodbrooks Joe <br>om.Ulla ja Markku Henriksson<\/p>\n\n\n\n<p>VERI-KOIRA<br>kku Tassuviikarin Topi <br>om. Taina Turska<\/p>\n\n\n\n<p>N\u00c4YTTELYKOIRA<br>pkn Hupinan Snorkfr\u00f6ken<br>om. Sanna Marjala<br>kku Joenpenkan Iskev\u00e4-Ippo<br>om. Pauliina P\u00f6nkk\u00e4 ja Kari Uotila<\/p>\n\n\n\n<p>VUODEN TULOKAS<br>kkku Woodbrooks Joe<br>om.Ulla ja Markku Henriksson<\/p>\n\n\n\n<p>VUODEN VETERAANI<br>kku Joenpenkan Iskev\u00e4-Ippo<br>om. Pauliina P\u00f6nkk\u00e4 ja Kari Uotila<\/p>\n\n\n\n<p>VUODEN M\u00c4YR\u00c4KOIRA<br>pkn Hupinan Snorkfr\u00f6ken<br>om. Sanna Marjala<\/p>\n\n\n\n<p>VALIOPALKINNOT<br>kku Korpiklaanin LJ Wertti Tuulisp\u00e4\u00e4 &#8211; FI KVA-M\u00c4AJ<br>Om. Leena Schr\u00f6der ja Seppo Leinonen<br>pkn Hupinan Snorkfr\u00f6ken &#8211; FI MVA C.I.B<br>om. Sanna Marjala<br>kkn Mets\u00e4kruunun Akkavalta &#8211; FI MVA<br>Om. Virpi ja Hannu Nuojua <\/p>\n","protected":false},"excerpt":{"rendered":"<p>AJAVA KOIRAkku Korpiklaanin LJ Wertti Tuulisp\u00e4\u00e4om. Leena Schr\u00f6der ja Seppo Leinonenkku Tassuviikarin Topiom. Taina Turska J\u00c4LKIKOIRAkku Tassuviikarin Topi om. Taina Turska kku Ruukin Geronimo om. Vilma Haarala Woodbrooks Joe om.Ulla ja Markku Henriksson VERI-KOIRAkku Tassuviikarin Topi om. Taina Turska N\u00c4YTTELYKOIRApkn Hupinan Snorkfr\u00f6kenom. Sanna Marjalakku Joenpenkan Iskev\u00e4-Ippoom. Pauliina P\u00f6nkk\u00e4 ja Kari Uotila VUODEN TULOKASkkku Woodbrooks Joeom.Ulla [&hellip;]<\/p>\n","protected":false},"author":1,"featured_media":0,"parent":155,"menu_order":3,"comment_status":"closed","ping_status":"closed","template":"","meta":{"footnotes":""},"class_list":["post-945","page","type-page","status-publish","hentry"],"_links":{"self":[{"href":"https:\/\/www.psmkk.net\/index.php?rest_route=\/wp\/v2\/pages\/945","targetHints":{"allow":["GET"]}}],"collection":[{"href":"https:\/\/www.psmkk.net\/index.php?rest_route=\/wp\/v2\/pages"}],"about":[{"href":"https:\/\/www.psmkk.net\/index.php?rest_route=\/wp\/v2\/types\/page"}],"author":[{"embeddable":true,"href":"https:\/\/www.psmkk.net\/index.php?rest_route=\/wp\/v2\/users\/1"}],"replies":[{"embeddable":true,"href":"https:\/\/www.psmkk.net\/index.php?rest_route=%2Fwp%2Fv2%2Fcomments&post=945"}],"version-history":[{"count":2,"href":"https:\/\/www.psmkk.net\/index.php?rest_route=\/wp\/v2\/pages\/945\/revisions"}],"predecessor-version":[{"id":948,"href":"https:\/\/www.psmkk.net\/index.php?rest_route=\/wp\/v2\/pages\/945\/revisions\/948"}],"up":[{"embeddable":true,"href":"https:\/\/www.psmkk.net\/index.php?rest_route=\/wp\/v2\/pages\/155"}],"wp:attachment":[{"href":"https:\/\/www.psmkk.net\/index.php?rest_route=%2Fwp%2Fv2%2Fmedia&parent=945"}],"curies":[{"name":"wp","href":"https:\/\/api.w.org\/{rel}","templated":true}]}}