{"id":81,"date":"2014-02-11T20:37:10","date_gmt":"2014-02-11T18:37:10","guid":{"rendered":"http:\/\/www.psmkk.net\/sanapaina\/?page_id=81"},"modified":"2014-02-12T17:56:04","modified_gmt":"2014-02-12T15:56:04","slug":"esittely","status":"publish","type":"page","link":"https:\/\/www.psmkk.net\/?page_id=81","title":{"rendered":"Esittely"},"content":{"rendered":"<p>Pohjois-Suomen M\u00e4yr\u00e4koirakerho ry (PSMKK ry) on Suomen M\u00e4yr\u00e4koiraliitto ry: n j\u00e4senyhdistys.<\/p>\n<p>Maassamme toimii t\u00e4ll\u00e4 hetkell\u00e4 19 alueellista m\u00e4yr\u00e4koirakerhoa.<\/p>\n<p>PSMKK ry: n j\u00e4senm\u00e4\u00e4r\u00e4 on t\u00e4ll\u00e4 hetkell\u00e4 noin 220. J\u00e4senet ovat joko vuosi-, perhe- tai nuorisoj\u00e4seni\u00e4. J\u00e4senet eiv\u00e4t maksa PSMKK ry: lle liittymis- eiv\u00e4tk\u00e4 j\u00e4senmaksua, vaan ainoastaan liitolle.<\/p>\n<p>PSMKK ry:n tarkoitus on edist\u00e4\u00e4 ja tukea m\u00e4yr\u00e4koirien kasvatusta ja jalostusta niin mets\u00e4stysominaisuuksia kuin ulkomuotoakin ajatellen.<\/p>\n<p>Tarkoituksensa saavuttamiseksi kerho j\u00e4rjest\u00e4\u00e4 n\u00e4yttelyit\u00e4 ja erilaisia mets\u00e4styskokeita.<\/p>\n<p>Kerhon asioita hoitaa hallitus, johon kuuluu puheenjohtajan lis\u00e4ksi kuusi varsinaista ja kaksi varaj\u00e4sent\u00e4.<\/p>\n<p>N\u00e4ist\u00e4 eroavat vuosittain puheenjohtaja ja kolme varsinaista j\u00e4sent\u00e4 sek\u00e4 molemmat varaj\u00e4senet. Kerhon kokoukset j\u00e4rjestet\u00e4\u00e4n kahdesti vuodessa; vuosikokous on helmi-maaliskuussa ja syyskokous loka-marraskuussa.<\/p>\n","protected":false},"excerpt":{"rendered":"<p>Pohjois-Suomen M\u00e4yr\u00e4koirakerho ry (PSMKK ry) on Suomen M\u00e4yr\u00e4koiraliitto ry: n j\u00e4senyhdistys. Maassamme toimii t\u00e4ll\u00e4 hetkell\u00e4 19 alueellista m\u00e4yr\u00e4koirakerhoa. PSMKK ry: n j\u00e4senm\u00e4\u00e4r\u00e4 on t\u00e4ll\u00e4 hetkell\u00e4 noin 220. J\u00e4senet ovat joko vuosi-, perhe- tai nuorisoj\u00e4seni\u00e4. J\u00e4senet eiv\u00e4t maksa PSMKK ry: lle liittymis- eiv\u00e4tk\u00e4 j\u00e4senmaksua, vaan ainoastaan liitolle. PSMKK ry:n tarkoitus on edist\u00e4\u00e4 ja tukea m\u00e4yr\u00e4koirien kasvatusta [&hellip;]<\/p>\n","protected":false},"author":1,"featured_media":0,"parent":0,"menu_order":0,"comment_status":"closed","ping_status":"closed","template":"","meta":{"footnotes":""},"class_list":["post-81","page","type-page","status-publish","hentry"],"_links":{"self":[{"href":"https:\/\/www.psmkk.net\/index.php?rest_route=\/wp\/v2\/pages\/81","targetHints":{"allow":["GET"]}}],"collection":[{"href":"https:\/\/www.psmkk.net\/index.php?rest_route=\/wp\/v2\/pages"}],"about":[{"href":"https:\/\/www.psmkk.net\/index.php?rest_route=\/wp\/v2\/types\/page"}],"author":[{"embeddable":true,"href":"https:\/\/www.psmkk.net\/index.php?rest_route=\/wp\/v2\/users\/1"}],"replies":[{"embeddable":true,"href":"https:\/\/www.psmkk.net\/index.php?rest_route=%2Fwp%2Fv2%2Fcomments&post=81"}],"version-history":[{"count":3,"href":"https:\/\/www.psmkk.net\/index.php?rest_route=\/wp\/v2\/pages\/81\/revisions"}],"predecessor-version":[{"id":96,"href":"https:\/\/www.psmkk.net\/index.php?rest_route=\/wp\/v2\/pages\/81\/revisions\/96"}],"wp:attachment":[{"href":"https:\/\/www.psmkk.net\/index.php?rest_route=%2Fwp%2Fv2%2Fmedia&parent=81"}],"curies":[{"name":"wp","href":"https:\/\/api.w.org\/{rel}","templated":true}]}}