{"id":750,"date":"2018-03-31T11:07:06","date_gmt":"2018-03-31T09:07:06","guid":{"rendered":"http:\/\/www.psmkk.net\/?page_id=750"},"modified":"2024-04-21T09:38:23","modified_gmt":"2024-04-21T07:38:23","slug":"vuoden-maykaroirat-2017","status":"publish","type":"page","link":"https:\/\/www.psmkk.net\/?page_id=750","title":{"rendered":"Vuoden m\u00e4yk\u00e4roirat 2017"},"content":{"rendered":"<p>VUODEN M\u00c4YR\u00c4KOIRA<br \/>\nkkn Joenpenkan Ehtoisa-Emma<\/p>\n<p>VUODEN VETERAANI<br \/>\nkkn Joenpenkan Ehtoisa-Emma, om. Kari Uotilla ja Pauliina P\u00f6nkk\u00e4<\/p>\n<p>VUODEN LUOLAKOIRA<\/p>\n<ol>\n<li>lku Hauenkuonen Keep Wolf From Door, om. Jani ja Mari Anttila<\/li>\n<\/ol>\n<p>VUODEN N\u00c4YTTELYKOIRA<\/p>\n<ol>\n<li>pku Sagotax Dr\u00f6mmare, om. Ulla ja Markku Henriksson<\/li>\n<li>lku Hauenkuonen Keep Wolf From Door, om. Jani ja Mari Anttila<\/li>\n<li>kku Mets\u00e4kruunun Jymy-Yll\u00e4tys, om. Kari Uotila ja Pauliina P\u00f6nkk\u00e4<\/li>\n<\/ol>\n<p>VUODEN MEJ\u00c4-KOIRA<\/p>\n<ol>\n<li>pku Sagotax Christoffer, om. Lea Foudilainen<\/li>\n<li>kku Kyl\u00e4npuolen Karra, om. Marja Lauronen<\/li>\n<li>kkn Joenpenkan Ehtoisa-Emma, om. Kari Uotila ja Pauliina P\u00f6nkk\u00e4<\/li>\n<\/ol>\n<p>VUODEN M\u00c4AJ-KOIRA<\/p>\n<ol>\n<li>kkn Joenpenkan Ehtoisa-Emma, om. Kari Uotila ja Pauliina P\u00f6nkk\u00e4<\/li>\n<\/ol>\n","protected":false},"excerpt":{"rendered":"<p>VUODEN M\u00c4YR\u00c4KOIRA kkn Joenpenkan Ehtoisa-Emma VUODEN VETERAANI kkn Joenpenkan Ehtoisa-Emma, om. Kari Uotilla ja Pauliina P\u00f6nkk\u00e4 VUODEN LUOLAKOIRA lku Hauenkuonen Keep Wolf From Door, om. Jani ja Mari Anttila VUODEN N\u00c4YTTELYKOIRA pku Sagotax Dr\u00f6mmare, om. Ulla ja Markku Henriksson lku Hauenkuonen Keep Wolf From Door, om. Jani ja Mari Anttila kku Mets\u00e4kruunun Jymy-Yll\u00e4tys, om. Kari [&hellip;]<\/p>\n","protected":false},"author":1,"featured_media":0,"parent":155,"menu_order":7,"comment_status":"closed","ping_status":"closed","template":"","meta":{"footnotes":""},"class_list":["post-750","page","type-page","status-publish","hentry"],"_links":{"self":[{"href":"https:\/\/www.psmkk.net\/index.php?rest_route=\/wp\/v2\/pages\/750","targetHints":{"allow":["GET"]}}],"collection":[{"href":"https:\/\/www.psmkk.net\/index.php?rest_route=\/wp\/v2\/pages"}],"about":[{"href":"https:\/\/www.psmkk.net\/index.php?rest_route=\/wp\/v2\/types\/page"}],"author":[{"embeddable":true,"href":"https:\/\/www.psmkk.net\/index.php?rest_route=\/wp\/v2\/users\/1"}],"replies":[{"embeddable":true,"href":"https:\/\/www.psmkk.net\/index.php?rest_route=%2Fwp%2Fv2%2Fcomments&post=750"}],"version-history":[{"count":3,"href":"https:\/\/www.psmkk.net\/index.php?rest_route=\/wp\/v2\/pages\/750\/revisions"}],"predecessor-version":[{"id":753,"href":"https:\/\/www.psmkk.net\/index.php?rest_route=\/wp\/v2\/pages\/750\/revisions\/753"}],"up":[{"embeddable":true,"href":"https:\/\/www.psmkk.net\/index.php?rest_route=\/wp\/v2\/pages\/155"}],"wp:attachment":[{"href":"https:\/\/www.psmkk.net\/index.php?rest_route=%2Fwp%2Fv2%2Fmedia&parent=750"}],"curies":[{"name":"wp","href":"https:\/\/api.w.org\/{rel}","templated":true}]}}