{"id":7,"date":"2014-02-08T19:52:45","date_gmt":"2014-02-08T17:52:45","guid":{"rendered":"http:\/\/www.psmkk.net\/sanapaina\/?page_id=7"},"modified":"2026-04-15T18:49:19","modified_gmt":"2026-04-15T16:49:19","slug":"hallitus","status":"publish","type":"page","link":"https:\/\/www.psmkk.net\/?page_id=7","title":{"rendered":"Hallitus"},"content":{"rendered":"<p><strong>Puheenjohtaja<\/strong><\/p>\n<p>Sanna Marjala<br \/>\nSiikajoentie 461<br \/>\n92140 PATTIJOKI<br \/>\ns.marjala(at)luukku.com<br \/>\np. 044 580 4901<\/p>\n<p><strong>Varapuheenjohtaja<\/strong><\/p>\n<p>Leena Schr\u00f6der<\/p>\n<p><strong>Shteeri<\/strong><\/p>\n<p>Taina Tenkula<br \/>\ntenkula.taina(at)gmail.com<\/p>\n<p><strong>Rahastonhoitaja<\/strong><\/p>\n<p>Lea Foudilainen<br \/>\nlfoudilainen(at)gmail.com<\/p>\n<p><strong>J\u00e4senet<\/strong><br \/>\nMarja Lauronen<br \/>\nOuti V\u00e4yrynen<br \/>\nHenna V\u00e4\u00e4n\u00e4nen<br \/>\n<strong>Varaj\u00e4senet<\/strong><br \/>\nPia Porthan<br \/>\nP\u00e4ivi Erkkil\u00e4<\/p>\n","protected":false},"excerpt":{"rendered":"<p>Puheenjohtaja Sanna Marjala Siikajoentie 461 92140 PATTIJOKI s.marjala(at)luukku.com p. 044 580 4901 Varapuheenjohtaja Leena Schr\u00f6der Shteeri Taina Tenkula tenkula.taina(at)gmail.com Rahastonhoitaja Lea Foudilainen lfoudilainen(at)gmail.com J\u00e4senet Marja Lauronen Outi V\u00e4yrynen Henna V\u00e4\u00e4n\u00e4nen Varaj\u00e4senet Pia Porthan P\u00e4ivi Erkkil\u00e4<\/p>\n","protected":false},"author":1,"featured_media":0,"parent":81,"menu_order":1,"comment_status":"closed","ping_status":"closed","template":"","meta":{"footnotes":""},"class_list":["post-7","page","type-page","status-publish","hentry"],"_links":{"self":[{"href":"https:\/\/www.psmkk.net\/index.php?rest_route=\/wp\/v2\/pages\/7","targetHints":{"allow":["GET"]}}],"collection":[{"href":"https:\/\/www.psmkk.net\/index.php?rest_route=\/wp\/v2\/pages"}],"about":[{"href":"https:\/\/www.psmkk.net\/index.php?rest_route=\/wp\/v2\/types\/page"}],"author":[{"embeddable":true,"href":"https:\/\/www.psmkk.net\/index.php?rest_route=\/wp\/v2\/users\/1"}],"replies":[{"embeddable":true,"href":"https:\/\/www.psmkk.net\/index.php?rest_route=%2Fwp%2Fv2%2Fcomments&post=7"}],"version-history":[{"count":28,"href":"https:\/\/www.psmkk.net\/index.php?rest_route=\/wp\/v2\/pages\/7\/revisions"}],"predecessor-version":[{"id":1074,"href":"https:\/\/www.psmkk.net\/index.php?rest_route=\/wp\/v2\/pages\/7\/revisions\/1074"}],"up":[{"embeddable":true,"href":"https:\/\/www.psmkk.net\/index.php?rest_route=\/wp\/v2\/pages\/81"}],"wp:attachment":[{"href":"https:\/\/www.psmkk.net\/index.php?rest_route=%2Fwp%2Fv2%2Fmedia&parent=7"}],"curies":[{"name":"wp","href":"https:\/\/api.w.org\/{rel}","templated":true}]}}