{"id":570,"date":"2016-04-03T19:19:15","date_gmt":"2016-04-03T17:19:15","guid":{"rendered":"http:\/\/www.psmkk.net\/?page_id=570"},"modified":"2024-04-21T09:38:23","modified_gmt":"2024-04-21T07:38:23","slug":"vuoden-mayrakoirat-2015","status":"publish","type":"page","link":"https:\/\/www.psmkk.net\/?page_id=570","title":{"rendered":"Vuoden m\u00e4yr\u00e4koirat 2015"},"content":{"rendered":"<p>VUODEN M\u00c4YR\u00c4KOIRA<br \/>\npkn Anuk vom Nebelstein, om. Katja Huurinainen<\/p>\n<p>VUODEN VETERAANI<br \/>\npkku Caelestis Shoot-&#8217;em-up, om. Piia ja Ville Porthan<\/p>\n<p>VUODEN N\u00c4YTTELYKOIRA<\/p>\n<ol>\n<li>pku Sagotax Dr\u00f6mmare, om. Ulla ja Markku Henriksson<\/li>\n<li>pkku Caelestis Shoot-&#8217;em-up, om. Piia ja Ville Porthan<\/li>\n<li>kku Kyl\u00e4npuolen Miehek\u00e4s-Mikko, om. Sirpa ja Urpo Ojakoski<\/li>\n<\/ol>\n<p>VUODEN MEJ\u00c4-KOIRA<\/p>\n<ol>\n<li>pku Sagotax Christoffer, om. Lea ja Kari Foudilainen<\/li>\n<li>kku Kyl\u00e4npuolen Miehek\u00e4s-Mikko, om. Sirpa ja Urpo Ojakoski<\/li>\n<li>kku Kyl\u00e4npuolen Karra, om. Marja Lauronen ja Kari Kotila<\/li>\n<\/ol>\n<p>VUODEN LUT-KOIRA<\/p>\n<ol>\n<li>kkn Merkaleen\u2019s Erina, om. Leena Schr\u00f6der ja Seppo Leinonen<\/li>\n<li>kkn Filurin Ilex, om. Juha-Pekka Raappana<\/li>\n<li>pkn Anuk vom Nebelstein, om. Katja Huurinainen<\/li>\n<\/ol>\n<p>VUODEN M\u00c4AJ-KOIRA<\/p>\n<ol>\n<li>kkn Joenpenkan Ehtoisa-Emma, om. Kari Uotila ja Pauliina P\u00f6nkk\u00e4<\/li>\n<\/ol>\n","protected":false},"excerpt":{"rendered":"<p>VUODEN M\u00c4YR\u00c4KOIRA pkn Anuk vom Nebelstein, om. Katja Huurinainen VUODEN VETERAANI pkku Caelestis Shoot-&#8217;em-up, om. Piia ja Ville Porthan VUODEN N\u00c4YTTELYKOIRA pku Sagotax Dr\u00f6mmare, om. Ulla ja Markku Henriksson pkku Caelestis Shoot-&#8217;em-up, om. Piia ja Ville Porthan kku Kyl\u00e4npuolen Miehek\u00e4s-Mikko, om. Sirpa ja Urpo Ojakoski VUODEN MEJ\u00c4-KOIRA pku Sagotax Christoffer, om. Lea ja Kari Foudilainen [&hellip;]<\/p>\n","protected":false},"author":1,"featured_media":0,"parent":155,"menu_order":9,"comment_status":"closed","ping_status":"closed","template":"","meta":{"footnotes":""},"class_list":["post-570","page","type-page","status-publish","hentry"],"_links":{"self":[{"href":"https:\/\/www.psmkk.net\/index.php?rest_route=\/wp\/v2\/pages\/570","targetHints":{"allow":["GET"]}}],"collection":[{"href":"https:\/\/www.psmkk.net\/index.php?rest_route=\/wp\/v2\/pages"}],"about":[{"href":"https:\/\/www.psmkk.net\/index.php?rest_route=\/wp\/v2\/types\/page"}],"author":[{"embeddable":true,"href":"https:\/\/www.psmkk.net\/index.php?rest_route=\/wp\/v2\/users\/1"}],"replies":[{"embeddable":true,"href":"https:\/\/www.psmkk.net\/index.php?rest_route=%2Fwp%2Fv2%2Fcomments&post=570"}],"version-history":[{"count":3,"href":"https:\/\/www.psmkk.net\/index.php?rest_route=\/wp\/v2\/pages\/570\/revisions"}],"predecessor-version":[{"id":573,"href":"https:\/\/www.psmkk.net\/index.php?rest_route=\/wp\/v2\/pages\/570\/revisions\/573"}],"up":[{"embeddable":true,"href":"https:\/\/www.psmkk.net\/index.php?rest_route=\/wp\/v2\/pages\/155"}],"wp:attachment":[{"href":"https:\/\/www.psmkk.net\/index.php?rest_route=%2Fwp%2Fv2%2Fmedia&parent=570"}],"curies":[{"name":"wp","href":"https:\/\/api.w.org\/{rel}","templated":true}]}}