{"id":523,"date":"2015-11-30T18:49:33","date_gmt":"2015-11-30T16:49:33","guid":{"rendered":"http:\/\/www.psmkk.net\/?page_id=523"},"modified":"2024-04-21T09:48:16","modified_gmt":"2024-04-21T07:48:16","slug":"kilpailusaantoja","status":"publish","type":"page","link":"https:\/\/www.psmkk.net\/?page_id=523","title":{"rendered":"Kilpailus\u00e4\u00e4nt\u00f6j\u00e4"},"content":{"rendered":"<p><strong>MEJ\u00c4<\/strong><\/p>\n<p>Kerhon MEJ\u00c4-mestaruudesta ovat oikeutettuja kilpailemaan ainoastaan M\u00e4yr\u00e4koiraliiton kautta kerhoon tulleiden j\u00e4senten m\u00e4yr\u00e4koirat edellisen vuoden kerhonmestaruuskokeen j\u00e4lkeen saavutettujen tulosten perusteella. Edellisen vuoden kerhonmestari on automaattisesti oikeutettu osallistumaan kilpailuun. Suoraan kerhoon tulleiden j\u00e4senten m\u00e4yr\u00e4koirat eiv\u00e4t voi kilpailla kerhon mestaruudesta.<\/p>\n<p><a href=\"https:\/\/www.psmkk.net\/wp-content\/uploads\/2020\/01\/kilpailu.pdf\" target=\"_blank\" rel=\"noopener noreferrer\">Vuoden m\u00e4yr\u00e4koirat -kilpailus\u00e4\u00e4nn\u00f6t<\/a>, voimassa 01.01.2017 alkaen.<\/p>\n<p><a href=\"https:\/\/pohjoispohjanmaan.kennelpiiri.fi\/\" target=\"_blank\" rel=\"noopener noreferrer\">Pohjois-Pohjanmaan Kennelpiirin sivulta<\/a> l\u00f6yd\u00e4t tietoa eri koemuotojen s\u00e4\u00e4nn\u00f6ist\u00e4 ja kokeiden j\u00e4rjest\u00e4misest\u00e4.<\/p>\n","protected":false},"excerpt":{"rendered":"<p>MEJ\u00c4 Kerhon MEJ\u00c4-mestaruudesta ovat oikeutettuja kilpailemaan ainoastaan M\u00e4yr\u00e4koiraliiton kautta kerhoon tulleiden j\u00e4senten m\u00e4yr\u00e4koirat edellisen vuoden kerhonmestaruuskokeen j\u00e4lkeen saavutettujen tulosten perusteella. Edellisen vuoden kerhonmestari on automaattisesti oikeutettu osallistumaan kilpailuun. Suoraan kerhoon tulleiden j\u00e4senten m\u00e4yr\u00e4koirat eiv\u00e4t voi kilpailla kerhon mestaruudesta. Vuoden m\u00e4yr\u00e4koirat -kilpailus\u00e4\u00e4nn\u00f6t, voimassa 01.01.2017 alkaen. Pohjois-Pohjanmaan Kennelpiirin sivulta l\u00f6yd\u00e4t tietoa eri koemuotojen s\u00e4\u00e4nn\u00f6ist\u00e4 ja kokeiden j\u00e4rjest\u00e4misest\u00e4.<\/p>\n","protected":false},"author":1,"featured_media":0,"parent":9,"menu_order":10,"comment_status":"closed","ping_status":"closed","template":"","meta":{"footnotes":""},"class_list":["post-523","page","type-page","status-publish","hentry"],"_links":{"self":[{"href":"https:\/\/www.psmkk.net\/index.php?rest_route=\/wp\/v2\/pages\/523","targetHints":{"allow":["GET"]}}],"collection":[{"href":"https:\/\/www.psmkk.net\/index.php?rest_route=\/wp\/v2\/pages"}],"about":[{"href":"https:\/\/www.psmkk.net\/index.php?rest_route=\/wp\/v2\/types\/page"}],"author":[{"embeddable":true,"href":"https:\/\/www.psmkk.net\/index.php?rest_route=\/wp\/v2\/users\/1"}],"replies":[{"embeddable":true,"href":"https:\/\/www.psmkk.net\/index.php?rest_route=%2Fwp%2Fv2%2Fcomments&post=523"}],"version-history":[{"count":16,"href":"https:\/\/www.psmkk.net\/index.php?rest_route=\/wp\/v2\/pages\/523\/revisions"}],"predecessor-version":[{"id":1013,"href":"https:\/\/www.psmkk.net\/index.php?rest_route=\/wp\/v2\/pages\/523\/revisions\/1013"}],"up":[{"embeddable":true,"href":"https:\/\/www.psmkk.net\/index.php?rest_route=\/wp\/v2\/pages\/9"}],"wp:attachment":[{"href":"https:\/\/www.psmkk.net\/index.php?rest_route=%2Fwp%2Fv2%2Fmedia&parent=523"}],"curies":[{"name":"wp","href":"https:\/\/api.w.org\/{rel}","templated":true}]}}