{"id":393,"date":"2015-04-12T17:16:57","date_gmt":"2015-04-12T15:16:57","guid":{"rendered":"http:\/\/www.psmkk.net\/?page_id=393"},"modified":"2024-04-21T09:38:23","modified_gmt":"2024-04-21T07:38:23","slug":"vuoden-mayrakoirat-2014","status":"publish","type":"page","link":"https:\/\/www.psmkk.net\/?page_id=393","title":{"rendered":"Vuoden m\u00e4yr\u00e4koirat 2014"},"content":{"rendered":"<p>VUODEN M\u00c4YR\u00c4KOIRA<br \/>\npku Sagotax Christoffer, om. Lea Foudilainen<\/p>\n<p>VUODEN TULOKAS<br \/>\nkku Joenpenkan Iskev\u00e4-Ippo, om. Pauliina P\u00f6nkk\u00e4 ja Kari Uotila<\/p>\n<p>VUODEN VETERAANI<br \/>\npkku Caelestis Shoot-&#8217;em-up, om. Piia ja Ville Porthan<\/p>\n<p>VUODEN N\u00c4YTTELYKOIRA<\/p>\n<ol>\n<li>pkku Caelestis Mega-Man, om. Lea Koljonen ja Outi Renko<\/li>\n<li>pku Sagotax Dr\u00f6mmare, om. Ulla ja Markku Henriksson<\/li>\n<li>kku Joenpenkan Iskev\u00e4-Ippo, om. Pauliina P\u00f6nkk\u00e4 ja Kari Uotila<\/li>\n<\/ol>\n<p>VUODEN MEJ\u00c4-KOIRA<\/p>\n<ol>\n<li>pku Sagotax Christoffer, om. Lea ja Kari Foudilainen<\/li>\n<li>kku Kyl\u00e4npuolen Karra, om. Marja Lauronen ja Kari Kotila<\/li>\n<li>pkn Virsunkankaan Diia, om. Jarmo Mikkonen<\/li>\n<\/ol>\n<p>VUODEN LUT-KOIRA<\/p>\n<ol>\n<li>kkn Luola Ajurin Hilma, om. Petri Hautakoski<\/li>\n<li>kku Kyl\u00e4npuolen Kerkko, om. Helena Kuusikko<\/li>\n<li>kku Joenpenkan Iskev\u00e4-Ippo, om. Pauliina P\u00f6nkk\u00e4 ja Kari Uotila<\/li>\n<\/ol>\n<p>VUODEN M\u00c4AJ-KOIRA<\/p>\n<ol>\n<li>kku Jokke, om. Sari Tolonen ja Inga M\u00e4k\u00e4r\u00e4inen<\/li>\n<li>kkn Mierolaisen Elviira, om. Jarmo Mikkonen<\/li>\n<li>kku Grantinges Billy, om. Pekka Hautam\u00e4ki ja Lotta Seppinen<\/li>\n<\/ol>\n","protected":false},"excerpt":{"rendered":"<p>VUODEN M\u00c4YR\u00c4KOIRA pku Sagotax Christoffer, om. Lea Foudilainen VUODEN TULOKAS kku Joenpenkan Iskev\u00e4-Ippo, om. Pauliina P\u00f6nkk\u00e4 ja Kari Uotila VUODEN VETERAANI pkku Caelestis Shoot-&#8217;em-up, om. Piia ja Ville Porthan VUODEN N\u00c4YTTELYKOIRA pkku Caelestis Mega-Man, om. Lea Koljonen ja Outi Renko pku Sagotax Dr\u00f6mmare, om. Ulla ja Markku Henriksson kku Joenpenkan Iskev\u00e4-Ippo, om. Pauliina P\u00f6nkk\u00e4 ja [&hellip;]<\/p>\n","protected":false},"author":1,"featured_media":0,"parent":155,"menu_order":10,"comment_status":"closed","ping_status":"closed","template":"","meta":{"footnotes":""},"class_list":["post-393","page","type-page","status-publish","hentry"],"_links":{"self":[{"href":"https:\/\/www.psmkk.net\/index.php?rest_route=\/wp\/v2\/pages\/393","targetHints":{"allow":["GET"]}}],"collection":[{"href":"https:\/\/www.psmkk.net\/index.php?rest_route=\/wp\/v2\/pages"}],"about":[{"href":"https:\/\/www.psmkk.net\/index.php?rest_route=\/wp\/v2\/types\/page"}],"author":[{"embeddable":true,"href":"https:\/\/www.psmkk.net\/index.php?rest_route=\/wp\/v2\/users\/1"}],"replies":[{"embeddable":true,"href":"https:\/\/www.psmkk.net\/index.php?rest_route=%2Fwp%2Fv2%2Fcomments&post=393"}],"version-history":[{"count":1,"href":"https:\/\/www.psmkk.net\/index.php?rest_route=\/wp\/v2\/pages\/393\/revisions"}],"predecessor-version":[{"id":394,"href":"https:\/\/www.psmkk.net\/index.php?rest_route=\/wp\/v2\/pages\/393\/revisions\/394"}],"up":[{"embeddable":true,"href":"https:\/\/www.psmkk.net\/index.php?rest_route=\/wp\/v2\/pages\/155"}],"wp:attachment":[{"href":"https:\/\/www.psmkk.net\/index.php?rest_route=%2Fwp%2Fv2%2Fmedia&parent=393"}],"curies":[{"name":"wp","href":"https:\/\/api.w.org\/{rel}","templated":true}]}}