{"id":33,"date":"2014-02-11T19:02:11","date_gmt":"2014-02-11T17:02:11","guid":{"rendered":"http:\/\/www.psmkk.net\/sanapaina\/?page_id=33"},"modified":"2026-03-28T13:01:40","modified_gmt":"2026-03-28T11:01:40","slug":"toimintakertomukset","status":"publish","type":"page","link":"https:\/\/www.psmkk.net\/?page_id=33","title":{"rendered":"Toimintasuunnitelmat ja -kertomukset"},"content":{"rendered":"<p><a href=\"https:\/\/www.psmkk.net\/wp-content\/uploads\/2026\/03\/TOimintasuunnitelma_2026.pdf\" target=\"_blank\" rel=\"noopener\" type=\"application\/pdf\">Toimintasuunnitelma 2026<\/a><br \/>\n<a href=\"https:\/\/www.psmkk.net\/wp-content\/uploads\/2026\/03\/Toimintakertomus2025.pdf\" target=\"_blank\" rel=\"noopener\" type=\"application\/pdf\">Toimintakertomus 2025<\/a><\/p>\n<p><a href=\"https:\/\/www.psmkk.net\/wp-content\/uploads\/2025\/05\/Toimintasuunnitelma2025.pdf\" target=\"_blank\" rel=\"noopener\" type=\"application\/pdf\">Toimintasuunnitelma 2025<\/a><\/p>\n<p><a href=\"https:\/\/www.psmkk.net\/wp-content\/uploads\/2025\/05\/Toimintakertomus2024.pdf\" target=\"_blank\"\nrel=\"noopener\">Toimintakertomus 2024<\/a><br \/>\n<a href=\"https:\/\/www.psmkk.net\/wp-content\/uploads\/2024\/04\/Toimintasuunnitelma2024.pdf\" target=\"_blank\" rel=\"noopener\">Toimintasuunnitelma 2024<\/a><\/p>\n<p><a href=\"https:\/\/www.psmkk.net\/wp-content\/uploads\/2023\/04\/Toimintasuunnitelma_2023.pdf\" target=\"_blank\" rel=\"noopener\">Toimintasuunnitelma 2023<\/a><\/p>\n<p><a href=\"https:\/\/www.psmkk.net\/wp-content\/uploads\/2022\/04\/toisuunn2022.pdf\" target=\"_blank\" rel=\"noopener\">Toimintasuunnitelma 2022<\/a><\/p>\n<p>Edellisten vuosien toimintasuunnitelmat:<\/p>\n<p>TOIMINTASUUNNITELMA 2021<\/p>\n<ul>\n<li>Mej\u00e4-kokeet Pyh\u00e4nn\u00e4ll\u00e4:\n<ul>\n<li>30.5.<\/li>\n<li>25.7. kerhonmestaruuskoe<\/li>\n<li>5.9. normaalikoe ja piirinmestaruuskoe<\/li>\n<\/ul>\n<\/li>\n<li>Match Show Oulun keskustan l\u00e4hell\u00e4 tai Oulunsalossa<\/li>\n<li>M\u00e4aj piirinmestaruuskoe<\/li>\n<li>M\u00e4aj koko kauden koe<\/li>\n<li>Lut-harjoituksia<\/li>\n<li>mej\u00e4-harjoituksia<\/li>\n<li>luentoja<\/li>\n<li>kursseja<\/li>\n<li>n\u00e4yttelyharjoituksia<\/li>\n<li>silm\u00e4- ja selk\u00e4tarkastuksien tukeminen<\/li>\n<li>Veri-harjoituksia<\/li>\n<li>Pyh\u00e4nn\u00e4n siivous- ja puuntekotalkoot<\/li>\n<\/ul>\n<p><a href=\"https:\/\/www.psmkk.net\/?page_id=859\">Vuoden 2020 toimintasuunnitelma<\/a><\/p>\n<p><a href=\"https:\/\/www.psmkk.net\/wp-content\/uploads\/2019\/03\/toimintasuunnitelma2019.pdf\" target=\"_blank\" rel=\"noopener noreferrer\">Toimintasuunnitelma 2019<\/a><\/p>\n<p><a href=\"https:\/\/www.psmkk.net\/wp-content\/uploads\/2018\/02\/toimintasuunnitelma_2018.pdf\" target=\"_blank\" rel=\"noopener noreferrer\">Toimintasuunnitelma vuodelle 2018<!--<a--><\/a><\/p>\n<p><a href=\"https:\/\/www.psmkk.net\/wp-content\/uploads\/2016\/02\/toimintasuunnitelma2016.pdf\" target=\"_blank\" rel=\"noopener noreferrer\">Toimintasuunnitelma vuodelle 2016<\/a><\/p>\n<p><a href=\"https:\/\/www.psmkk.net\/toimintakertomukset\/suunnitelmat\/toimintasuunnitelma2015.pdf\" target=\"_blank\" rel=\"noopener noreferrer\">Toimintasuunnitelma vuodelle 2015<\/a><\/p>\n<p><strong>Toimintakertomukset<\/strong><\/p>\n<p><a href=\"https:\/\/www.psmkk.net\/wp-content\/uploads\/2024\/04\/Toimintakertomus2023.pdf\">Toimintakertomus 2023<\/a><\/p>\n<p><a href=\"https:\/\/www.psmkk.net\/wp-content\/uploads\/2024\/04\/Toimintakertomus2022.pdf\">Toimintakertomus 2022<\/a><\/p>\n<p><a href=\"https:\/\/www.psmkk.net\/wp-content\/uploads\/2022\/06\/Toimintakertomus2021.pdf\" target=\"_blank\" rel=\"noopener noreferrer\">Toimintakertomus 2021<\/a><br \/>\n<a href=\"https:\/\/www.psmkk.net\/wp-content\/uploads\/2019\/03\/Toimintakertomus2018.pdf\" target=\"_blank\" rel=\"noopener noreferrer\">Toimintakertomus 2018<\/a><br \/>\n<a href=\"https:\/\/www.psmkk.net\/wp-content\/uploads\/2019\/03\/Toimintakertomus2017.pdf\" target=\"_blank\" rel=\"noopener noreferrer\">Toimintakertomus 2017<\/a><br \/>\n<a href=\"https:\/\/www.psmkk.net\/wp-content\/uploads\/2018\/02\/Toimintakertomus2016.pdf\" target=\"_blank\" rel=\"noopener noreferrer\">Toimintakertomus 2016<\/a><br \/>\n<a href=\"https:\/\/www.psmkk.net\/wp-content\/uploads\/2016\/04\/TOIMINTAKERTOMUS2015.pdf\" target=\"_blank\" rel=\"noopener noreferrer\">Toimintakertomus 2015<\/a><br \/>\n<a href=\"https:\/\/www.psmkk.net\/wp-content\/uploads\/2015\/04\/TOIMINTAKERTOMUS2014.pdf\">Toimintakertomus 2014<\/a><br \/>\n<a href=\"https:\/\/www.psmkk.net\/wp-content\/uploads\/2014\/02\/2013TOIMINTAKERTOMUS.pdf\">Toimintakertomus 2013<\/a><br \/>\n<a title=\"Toimintakertomus 2012\" href=\"toimintakertomukset\/toimintakertomus2012.pdf\" target=\"_blank\" rel=\"noopener noreferrer\">Toimintakertomus 2012<\/a><br \/>\n<a title=\"Toimintakertomus 2011\" href=\"toimintakertomukset\/toimintakertomus2011.pdf\" target=\"_blank\" rel=\"noopener noreferrer\">Toimintakertomus 2011<\/a><br \/>\n<a title=\"Toimintakertomus 2010\" href=\"toimintakertomukset\/toimintakertomus2010.pdf\" target=\"_blank\" rel=\"noopener noreferrer\">Toimintakertomus 2010<\/a><br \/>\n<a title=\"Toimintakertomus 2009\" href=\"toimintakertomukset\/toimintakertomus2009.pdf\" target=\"_blank\" rel=\"noopener noreferrer\">Toimintakertomus 2009<\/a><\/p>\n","protected":false},"excerpt":{"rendered":"<p>Toimintasuunnitelma 2026 Toimintakertomus 2025 Toimintasuunnitelma 2025 Toimintakertomus 2024 Toimintasuunnitelma 2024 Toimintasuunnitelma 2023 Toimintasuunnitelma 2022 Edellisten vuosien toimintasuunnitelmat: TOIMINTASUUNNITELMA 2021 Mej\u00e4-kokeet Pyh\u00e4nn\u00e4ll\u00e4: 30.5. 25.7. kerhonmestaruuskoe 5.9. normaalikoe ja piirinmestaruuskoe Match Show Oulun keskustan l\u00e4hell\u00e4 tai Oulunsalossa M\u00e4aj piirinmestaruuskoe M\u00e4aj koko kauden koe Lut-harjoituksia mej\u00e4-harjoituksia luentoja kursseja n\u00e4yttelyharjoituksia silm\u00e4- ja selk\u00e4tarkastuksien tukeminen Veri-harjoituksia Pyh\u00e4nn\u00e4n siivous- ja puuntekotalkoot [&hellip;]<\/p>\n","protected":false},"author":1,"featured_media":0,"parent":14,"menu_order":1,"comment_status":"closed","ping_status":"closed","template":"","meta":{"footnotes":""},"class_list":["post-33","page","type-page","status-publish","hentry"],"_links":{"self":[{"href":"https:\/\/www.psmkk.net\/index.php?rest_route=\/wp\/v2\/pages\/33","targetHints":{"allow":["GET"]}}],"collection":[{"href":"https:\/\/www.psmkk.net\/index.php?rest_route=\/wp\/v2\/pages"}],"about":[{"href":"https:\/\/www.psmkk.net\/index.php?rest_route=\/wp\/v2\/types\/page"}],"author":[{"embeddable":true,"href":"https:\/\/www.psmkk.net\/index.php?rest_route=\/wp\/v2\/users\/1"}],"replies":[{"embeddable":true,"href":"https:\/\/www.psmkk.net\/index.php?rest_route=%2Fwp%2Fv2%2Fcomments&post=33"}],"version-history":[{"count":33,"href":"https:\/\/www.psmkk.net\/index.php?rest_route=\/wp\/v2\/pages\/33\/revisions"}],"predecessor-version":[{"id":1067,"href":"https:\/\/www.psmkk.net\/index.php?rest_route=\/wp\/v2\/pages\/33\/revisions\/1067"}],"up":[{"embeddable":true,"href":"https:\/\/www.psmkk.net\/index.php?rest_route=\/wp\/v2\/pages\/14"}],"wp:attachment":[{"href":"https:\/\/www.psmkk.net\/index.php?rest_route=%2Fwp%2Fv2%2Fmedia&parent=33"}],"curies":[{"name":"wp","href":"https:\/\/api.w.org\/{rel}","templated":true}]}}