{"id":218,"date":"2014-06-26T16:53:44","date_gmt":"2014-06-26T14:53:44","guid":{"rendered":"http:\/\/www.psmkk.net\/?page_id=218"},"modified":"2014-06-26T16:55:22","modified_gmt":"2014-06-26T14:55:22","slug":"valokuvia","status":"publish","type":"page","link":"https:\/\/www.psmkk.net\/?page_id=218","title":{"rendered":"Valokuvia"},"content":{"rendered":"<p>T\u00e4lt\u00e4 sivulta p\u00e4\u00e4set katsomaan kerhon eri tilaisuuksissa otettuja valokuvia.<\/p>\n<p>&nbsp;<\/p>\n<p><a title=\"Veriharjoitukset 7.6.2014\" href=\"https:\/\/plus.google.com\/photos\/102958785410496930111\/albums\/6029243166412450417\" target=\"_blank\">Veriharjoitukset 7.6.2014<\/a><\/p>\n<p><a title=\"Luolaharjoitukset 8.6.2014\" href=\"https:\/\/plus.google.com\/photos\/102958785410496930111\/albums\/6029244125859900145\" target=\"_blank\">Luolaharjoitukset 8.6.2014<\/a><\/p>\n","protected":false},"excerpt":{"rendered":"<p>T\u00e4lt\u00e4 sivulta p\u00e4\u00e4set katsomaan kerhon eri tilaisuuksissa otettuja valokuvia. &nbsp; Veriharjoitukset 7.6.2014 Luolaharjoitukset 8.6.2014<\/p>\n","protected":false},"author":1,"featured_media":0,"parent":14,"menu_order":4,"comment_status":"closed","ping_status":"open","template":"","meta":{"footnotes":""},"class_list":["post-218","page","type-page","status-publish","hentry"],"_links":{"self":[{"href":"https:\/\/www.psmkk.net\/index.php?rest_route=\/wp\/v2\/pages\/218","targetHints":{"allow":["GET"]}}],"collection":[{"href":"https:\/\/www.psmkk.net\/index.php?rest_route=\/wp\/v2\/pages"}],"about":[{"href":"https:\/\/www.psmkk.net\/index.php?rest_route=\/wp\/v2\/types\/page"}],"author":[{"embeddable":true,"href":"https:\/\/www.psmkk.net\/index.php?rest_route=\/wp\/v2\/users\/1"}],"replies":[{"embeddable":true,"href":"https:\/\/www.psmkk.net\/index.php?rest_route=%2Fwp%2Fv2%2Fcomments&post=218"}],"version-history":[{"count":3,"href":"https:\/\/www.psmkk.net\/index.php?rest_route=\/wp\/v2\/pages\/218\/revisions"}],"predecessor-version":[{"id":221,"href":"https:\/\/www.psmkk.net\/index.php?rest_route=\/wp\/v2\/pages\/218\/revisions\/221"}],"up":[{"embeddable":true,"href":"https:\/\/www.psmkk.net\/index.php?rest_route=\/wp\/v2\/pages\/14"}],"wp:attachment":[{"href":"https:\/\/www.psmkk.net\/index.php?rest_route=%2Fwp%2Fv2%2Fmedia&parent=218"}],"curies":[{"name":"wp","href":"https:\/\/api.w.org\/{rel}","templated":true}]}}