{"id":142,"date":"2014-03-30T16:30:20","date_gmt":"2014-03-30T14:30:20","guid":{"rendered":"http:\/\/www.psmkk.net\/?page_id=142"},"modified":"2024-04-21T09:38:23","modified_gmt":"2024-04-21T07:38:23","slug":"vuoden-mayrakoirat-2013","status":"publish","type":"page","link":"https:\/\/www.psmkk.net\/?page_id=142","title":{"rendered":"Vuoden m\u00e4yr\u00e4koirat 2013"},"content":{"rendered":"<p>VUODEN M\u00c4YR\u00c4KOIRA<br \/>\nkkn Joenpenkan Ehtoisa-Emma, om. Pauliina P\u00f6nkk\u00e4 ja Kari Uotila<\/p>\n<p>VUODEN N\u00c4YTTELYKOIRA<\/p>\n<ol>\n<li>pkku Caelestis Mega-Man, om. Lea Koljonen ja Outi Renko<\/li>\n<li>kkn Ravnsager&#8217;s Anna Bella Akasut, om. Leena ja Kauko Karvonen<\/li>\n<li>pku Sagotax Christoffer, om. Lea ja Kari Foudilainen<\/li>\n<\/ol>\n<p>VUODEN TULOKAS<br \/>\nkkn Joenpenkan Iloinen-Ilmi, om. Heidi Takaluoma<\/p>\n<p>VUODEN VETERAANI<br \/>\npkku Caelestis Cuzzchini, om. Outi ja Niko Renko<\/p>\n<p>VUODEN MEJ\u00c4-KOIRA<\/p>\n<ol>\n<li>lkn Taxiaseman Tupas-Villa, om. Marika Ahola ja Mika Angl\u00e9<\/li>\n<li>pku Sagotax Christoffer, om. Lea ja Kari Foudilainen<\/li>\n<li>kkn Canderell Gossipgirl, om. Outi Lehtisalo-V\u00e4yrynen ja Tero V\u00e4yrynen<\/li>\n<\/ol>\n<p>VUODEN VERI-KOIRA<\/p>\n<ol>\n<li>pku Joviro Bandiitti, om. Katja Huurinainen<\/li>\n<li>pkn Joviro Aurora, om. Katja Huurinainen<\/li>\n<\/ol>\n<p>VUODEN LUT-KOIRA<\/p>\n<ol>\n<li>kkn Joenpenkan Ehtoisa-Emma, om. Pauliina P\u00f6nkk\u00e4 ja Kari Uotila<\/li>\n<\/ol>\n<p>VUODEN M\u00c4AJ-KOIRA<\/p>\n<ol>\n<li>kku Playadel Bergs Vidar Vid Villebr\u00e5d, om. Vesa Tornberg<\/li>\n<li>kkn Joenpenkan Ehtoisa-Emma, om. Pauliina P\u00f6nkk\u00e4 ja Kari Uotila<\/li>\n<\/ol>\n","protected":false},"excerpt":{"rendered":"<p>VUODEN M\u00c4YR\u00c4KOIRA kkn Joenpenkan Ehtoisa-Emma, om. Pauliina P\u00f6nkk\u00e4 ja Kari Uotila VUODEN N\u00c4YTTELYKOIRA pkku Caelestis Mega-Man, om. Lea Koljonen ja Outi Renko kkn Ravnsager&#8217;s Anna Bella Akasut, om. Leena ja Kauko Karvonen pku Sagotax Christoffer, om. Lea ja Kari Foudilainen VUODEN TULOKAS kkn Joenpenkan Iloinen-Ilmi, om. Heidi Takaluoma VUODEN VETERAANI pkku Caelestis Cuzzchini, om. Outi [&hellip;]<\/p>\n","protected":false},"author":1,"featured_media":0,"parent":155,"menu_order":11,"comment_status":"closed","ping_status":"closed","template":"","meta":{"footnotes":""},"class_list":["post-142","page","type-page","status-publish","hentry"],"_links":{"self":[{"href":"https:\/\/www.psmkk.net\/index.php?rest_route=\/wp\/v2\/pages\/142","targetHints":{"allow":["GET"]}}],"collection":[{"href":"https:\/\/www.psmkk.net\/index.php?rest_route=\/wp\/v2\/pages"}],"about":[{"href":"https:\/\/www.psmkk.net\/index.php?rest_route=\/wp\/v2\/types\/page"}],"author":[{"embeddable":true,"href":"https:\/\/www.psmkk.net\/index.php?rest_route=\/wp\/v2\/users\/1"}],"replies":[{"embeddable":true,"href":"https:\/\/www.psmkk.net\/index.php?rest_route=%2Fwp%2Fv2%2Fcomments&post=142"}],"version-history":[{"count":6,"href":"https:\/\/www.psmkk.net\/index.php?rest_route=\/wp\/v2\/pages\/142\/revisions"}],"predecessor-version":[{"id":744,"href":"https:\/\/www.psmkk.net\/index.php?rest_route=\/wp\/v2\/pages\/142\/revisions\/744"}],"up":[{"embeddable":true,"href":"https:\/\/www.psmkk.net\/index.php?rest_route=\/wp\/v2\/pages\/155"}],"wp:attachment":[{"href":"https:\/\/www.psmkk.net\/index.php?rest_route=%2Fwp%2Fv2%2Fmedia&parent=142"}],"curies":[{"name":"wp","href":"https:\/\/api.w.org\/{rel}","templated":true}]}}