{"id":14,"date":"2014-02-08T20:16:06","date_gmt":"2014-02-08T18:16:06","guid":{"rendered":"http:\/\/www.psmkk.net\/sanapaina\/?page_id=14"},"modified":"2014-11-21T22:06:34","modified_gmt":"2014-11-21T20:06:34","slug":"toimintasuunnitelma-ja-toimintakertomukset","status":"publish","type":"page","link":"https:\/\/www.psmkk.net\/?page_id=14","title":{"rendered":"Toiminta"},"content":{"rendered":"<p><strong>Toimintasuunnitelma vuodelle 2015<\/strong><\/p>\n<p>Mej\u00e4 kokeet<br \/>\n31.5.<br \/>\n14.6.<br \/>\n16.8. VOI-luokassa kerhonmestaruuskoe<br \/>\n6.9. PM-koe + tavallinen koe<\/p>\n<p>Pyh\u00e4nn\u00e4n talkoot 23- 24.5.2015<br \/>\nJ\u00e4ljentekoharjoitukset<br \/>\nVeri &#8211; kokeet<br \/>\nVeri &#8211; harjoitukset<br \/>\nPika &#8211; harjoitukset<br \/>\nPika &#8211; kokeet<br \/>\nLut &#8211; harjoitukset<br \/>\nN\u00e4yttelyharjoitukset<br \/>\nM\u00e4aj &#8211; kokeita 3 &#8211; 5 kappaletta<br \/>\nM\u00e4aj &#8211; koetoimitsijakurssi ja &#8211; palkintotuomarikurssi<br \/>\nKursseja kysynn\u00e4n mukaan<br \/>\nYhteistoimintaa muiden paikallisten koirakerhojen kanssa mahdollisuuksien mukaan<\/p>\n","protected":false},"excerpt":{"rendered":"<p>Toimintasuunnitelma vuodelle 2015 Mej\u00e4 kokeet 31.5. 14.6. 16.8. VOI-luokassa kerhonmestaruuskoe 6.9. PM-koe + tavallinen koe Pyh\u00e4nn\u00e4n talkoot 23- 24.5.2015 J\u00e4ljentekoharjoitukset Veri &#8211; kokeet Veri &#8211; harjoitukset Pika &#8211; harjoitukset Pika &#8211; kokeet Lut &#8211; harjoitukset N\u00e4yttelyharjoitukset M\u00e4aj &#8211; kokeita 3 &#8211; 5 kappaletta M\u00e4aj &#8211; koetoimitsijakurssi ja &#8211; palkintotuomarikurssi Kursseja kysynn\u00e4n mukaan Yhteistoimintaa muiden paikallisten [&hellip;]<\/p>\n","protected":false},"author":1,"featured_media":0,"parent":0,"menu_order":10,"comment_status":"closed","ping_status":"closed","template":"","meta":{"footnotes":""},"class_list":["post-14","page","type-page","status-publish","hentry"],"_links":{"self":[{"href":"https:\/\/www.psmkk.net\/index.php?rest_route=\/wp\/v2\/pages\/14","targetHints":{"allow":["GET"]}}],"collection":[{"href":"https:\/\/www.psmkk.net\/index.php?rest_route=\/wp\/v2\/pages"}],"about":[{"href":"https:\/\/www.psmkk.net\/index.php?rest_route=\/wp\/v2\/types\/page"}],"author":[{"embeddable":true,"href":"https:\/\/www.psmkk.net\/index.php?rest_route=\/wp\/v2\/users\/1"}],"replies":[{"embeddable":true,"href":"https:\/\/www.psmkk.net\/index.php?rest_route=%2Fwp%2Fv2%2Fcomments&post=14"}],"version-history":[{"count":4,"href":"https:\/\/www.psmkk.net\/index.php?rest_route=\/wp\/v2\/pages\/14\/revisions"}],"predecessor-version":[{"id":341,"href":"https:\/\/www.psmkk.net\/index.php?rest_route=\/wp\/v2\/pages\/14\/revisions\/341"}],"wp:attachment":[{"href":"https:\/\/www.psmkk.net\/index.php?rest_route=%2Fwp%2Fv2%2Fmedia&parent=14"}],"curies":[{"name":"wp","href":"https:\/\/api.w.org\/{rel}","templated":true}]}}