{"id":11,"date":"2014-02-08T20:08:45","date_gmt":"2014-02-08T18:08:45","guid":{"rendered":"http:\/\/www.psmkk.net\/sanapaina\/?page_id=11"},"modified":"2026-02-17T15:42:21","modified_gmt":"2026-02-17T13:42:21","slug":"toimikunnat","status":"publish","type":"page","link":"https:\/\/www.psmkk.net\/?page_id=11","title":{"rendered":"Toimikunnat"},"content":{"rendered":"<p><strong>N\u00e4yttelytoimikunta:<\/strong><\/p>\n<p>Lea Foudilainen (vet\u00e4j\u00e4), lea.foudilainen(at)luukku.com<br \/>\nSanna Marjala<br \/>\nHenna V\u00e4\u00e4n\u00e4nen<br \/>\nTiina Pikkuaho<br \/>\nPauliina P\u00f6nkk\u00e4<br \/>\nLeena Schr\u00f6der<br \/>\nMarja Lauronen<\/p>\n<p><strong>Lut-toimikunta:<\/strong><\/p>\n<p>Katja Huurinainen (vet\u00e4j\u00e4), katjahu(at)gmail.com<br \/>\nSeppo Leinonen<\/p>\n<p><strong>Mej\u00e4-toimikunta:<\/strong><\/p>\n<p>Lea Foudilainen (vet\u00e4j\u00e4), s\u00e4hk\u00f6posti, kts. yll\u00e4<br \/>\nVille Porthan<br \/>\nVilma Haarala<br \/>\nMarjo Lauronen<\/p>\n<p><strong>M\u00e4aj-toimikunta:<\/strong><\/p>\n<p>Leena Schr\u00f6der (vet\u00e4j\u00e4), leena_schroder(at)hotmail.com<br \/>\nLotta Seppinen<br \/>\nSeppo Leinonen<br \/>\nAri Maukka<br \/>\nTaina Turska<\/p>\n<p><strong>Veri-toimikunta:<\/strong><br \/>\nKatja Huurinainen (vet\u00e4j\u00e4), s\u00e4hk\u00f6posti, kts. yll\u00e4<br \/>\nTiina Pikkuaho<\/p>\n<p><strong>Tiedotus:<\/strong>WWW-sivujen aineisto<br \/>\nemail: sivut.psmkk(at)gmail.com<br \/>\nFacebook:<br \/>\nTiina Pikkuajo<br \/>\nHenna V\u00e4\u00e4n\u00e4nen<br \/>\nSanna Marjala<\/p>\n<p><strong>Jos haluat mukaan toimintaan, ota yhteytt\u00e4 kyseisen toimikunnan vet\u00e4j\u00e4\u00e4n.<\/strong><\/p>\n","protected":false},"excerpt":{"rendered":"<p>N\u00e4yttelytoimikunta: Lea Foudilainen (vet\u00e4j\u00e4), lea.foudilainen(at)luukku.com Sanna Marjala Henna V\u00e4\u00e4n\u00e4nen Tiina Pikkuaho Pauliina P\u00f6nkk\u00e4 Leena Schr\u00f6der Marja Lauronen Lut-toimikunta: Katja Huurinainen (vet\u00e4j\u00e4), katjahu(at)gmail.com Seppo Leinonen Mej\u00e4-toimikunta: Lea Foudilainen (vet\u00e4j\u00e4), s\u00e4hk\u00f6posti, kts. yll\u00e4 Ville Porthan Vilma Haarala Marjo Lauronen M\u00e4aj-toimikunta: Leena Schr\u00f6der (vet\u00e4j\u00e4), leena_schroder(at)hotmail.com Lotta Seppinen Seppo Leinonen Ari Maukka Taina Turska Veri-toimikunta: Katja Huurinainen (vet\u00e4j\u00e4), s\u00e4hk\u00f6posti, [&hellip;]<\/p>\n","protected":false},"author":1,"featured_media":0,"parent":81,"menu_order":20,"comment_status":"closed","ping_status":"closed","template":"","meta":{"footnotes":""},"class_list":["post-11","page","type-page","status-publish","hentry"],"_links":{"self":[{"href":"https:\/\/www.psmkk.net\/index.php?rest_route=\/wp\/v2\/pages\/11","targetHints":{"allow":["GET"]}}],"collection":[{"href":"https:\/\/www.psmkk.net\/index.php?rest_route=\/wp\/v2\/pages"}],"about":[{"href":"https:\/\/www.psmkk.net\/index.php?rest_route=\/wp\/v2\/types\/page"}],"author":[{"embeddable":true,"href":"https:\/\/www.psmkk.net\/index.php?rest_route=\/wp\/v2\/users\/1"}],"replies":[{"embeddable":true,"href":"https:\/\/www.psmkk.net\/index.php?rest_route=%2Fwp%2Fv2%2Fcomments&post=11"}],"version-history":[{"count":17,"href":"https:\/\/www.psmkk.net\/index.php?rest_route=\/wp\/v2\/pages\/11\/revisions"}],"predecessor-version":[{"id":1057,"href":"https:\/\/www.psmkk.net\/index.php?rest_route=\/wp\/v2\/pages\/11\/revisions\/1057"}],"up":[{"embeddable":true,"href":"https:\/\/www.psmkk.net\/index.php?rest_route=\/wp\/v2\/pages\/81"}],"wp:attachment":[{"href":"https:\/\/www.psmkk.net\/index.php?rest_route=%2Fwp%2Fv2%2Fmedia&parent=11"}],"curies":[{"name":"wp","href":"https:\/\/api.w.org\/{rel}","templated":true}]}}